{"id":4098139,"date":"2026-01-26T18:11:50","date_gmt":"2026-01-26T17:11:50","guid":{"rendered":"https:\/\/themarstore.com\/?post_type=product&#038;p=4098139"},"modified":"2026-02-13T14:05:14","modified_gmt":"2026-02-13T13:05:14","slug":"shell-off-white","status":"publish","type":"product","link":"https:\/\/themarstore.com\/en\/product\/shell-off-white\/","title":{"rendered":"SHELL OFF WHITE"},"content":{"rendered":"<p>Height: 16 cm<br \/>\nWidth: 6 cm<br \/>\nLength: 23 cm<br \/>\nStrap&#8217;s length: 102-109 cm<br \/>\nHandles&#8217; height: 11 cm<\/p>\n<p>Made of 100% Italian leather.<br \/>\nHandsewn in Poland.<\/p>\n\n    <div class=\"xs_social_share_widget xs_share_url after_content \t\tmain_content  wslu-style-1 wslu-share-box-shaped wslu-fill-colored wslu-none wslu-share-horizontal wslu-theme-font-no wslu-main_content\">\n\n\t\t\n        <ul>\n\t\t\t        <\/ul>\n    <\/div> \n","protected":false},"excerpt":{"rendered":"<p style=\"text-align: justify;\">Stylish bag with braided handles. It has a detachable, regulated strap, therefore you can carry it over the shoulder or crossbody. One compartment inside, a card pocket, and an additional pocket where you can put the most necessary items.<\/p>\n","protected":false},"featured_media":4085233,"template":"","meta":{"_acf_changed":false},"product_brand":[],"product_cat":[67,72,343,185,162],"product_tag":[],"class_list":{"0":"post-4098139","1":"product","2":"type-product","3":"status-publish","4":"has-post-thumbnail","6":"product_cat-handbags","7":"product_cat-mini-en","8":"product_cat-sale","9":"product_cat-shell-en","10":"product_cat-shoulder-bags","12":"first","13":"outofstock","14":"sale","15":"taxable","16":"shipping-taxable","17":"purchasable","18":"product-type-simple"},"acf":[],"yoast_head":"<!-- This site is optimized with the Yoast SEO plugin v27.2 - https:\/\/yoast.com\/product\/yoast-seo-wordpress\/ -->\n<title>SHELL OFF WHITE - THE MAR<\/title>\n<meta name=\"description\" content=\"Sk\u00f3rzane torebki i akcesoria szyte w Polsce. Tradycja rzemie\u015blnicza, w\u0142oskie sk\u00f3ry, certyfikowani dostawcy. Etyczna moda na lata, zgodna z ide\u0105 sustainability.\" \/>\n<meta name=\"robots\" content=\"index, follow, max-snippet:-1, max-image-preview:large, max-video-preview:-1\" \/>\n<link rel=\"canonical\" href=\"https:\/\/themarstore.com\/en\/product\/shell-off-white\/\" \/>\n<meta property=\"og:locale\" content=\"en_US\" \/>\n<meta property=\"og:type\" content=\"article\" \/>\n<meta property=\"og:title\" content=\"SHELL OFF WHITE - THE MAR\" \/>\n<meta property=\"og:description\" content=\"Sk\u00f3rzane torebki i akcesoria szyte w Polsce. Tradycja rzemie\u015blnicza, w\u0142oskie sk\u00f3ry, certyfikowani dostawcy. Etyczna moda na lata, zgodna z ide\u0105 sustainability.\" \/>\n<meta property=\"og:url\" content=\"https:\/\/themarstore.com\/en\/product\/shell-off-white\/\" \/>\n<meta property=\"og:site_name\" content=\"THE MAR\" \/>\n<meta property=\"article:publisher\" content=\"https:\/\/www.facebook.com\/themarstore.warsaw\/\" \/>\n<meta property=\"article:modified_time\" content=\"2026-02-13T13:05:14+00:00\" \/>\n<meta property=\"og:image\" content=\"https:\/\/themarstore.com\/wp-content\/uploads\/2023\/10\/002-scaled.jpg\" \/>\n\t<meta property=\"og:image:width\" content=\"1772\" \/>\n\t<meta property=\"og:image:height\" content=\"2560\" \/>\n\t<meta property=\"og:image:type\" content=\"image\/jpeg\" \/>\n<meta name=\"twitter:card\" content=\"summary_large_image\" \/>\n<script type=\"application\/ld+json\" class=\"yoast-schema-graph\">{\"@context\":\"https:\/\/schema.org\",\"@graph\":[{\"@type\":[\"WebPage\",\"ItemPage\"],\"@id\":\"https:\/\/themarstore.com\/en\/product\/shell-off-white\/\",\"url\":\"https:\/\/themarstore.com\/en\/product\/shell-off-white\/\",\"name\":\"SHELL OFF WHITE - THE MAR\",\"isPartOf\":{\"@id\":\"https:\/\/themarstore.com\/en\/#website\"},\"primaryImageOfPage\":{\"@id\":\"https:\/\/themarstore.com\/en\/product\/shell-off-white\/#primaryimage\"},\"image\":{\"@id\":\"https:\/\/themarstore.com\/en\/product\/shell-off-white\/#primaryimage\"},\"thumbnailUrl\":\"https:\/\/themarstore.com\/wp-content\/uploads\/2023\/10\/002-scaled.jpg\",\"datePublished\":\"2026-01-26T17:11:50+00:00\",\"dateModified\":\"2026-02-13T13:05:14+00:00\",\"description\":\"Sk\u00f3rzane torebki i akcesoria szyte w Polsce. Tradycja rzemie\u015blnicza, w\u0142oskie sk\u00f3ry, certyfikowani dostawcy. Etyczna moda na lata, zgodna z ide\u0105 sustainability.\",\"breadcrumb\":{\"@id\":\"https:\/\/themarstore.com\/en\/product\/shell-off-white\/#breadcrumb\"},\"inLanguage\":\"en-US\",\"potentialAction\":[{\"@type\":\"ReadAction\",\"target\":[\"https:\/\/themarstore.com\/en\/product\/shell-off-white\/\"]}]},{\"@type\":\"ImageObject\",\"inLanguage\":\"en-US\",\"@id\":\"https:\/\/themarstore.com\/en\/product\/shell-off-white\/#primaryimage\",\"url\":\"https:\/\/themarstore.com\/wp-content\/uploads\/2023\/10\/002-scaled.jpg\",\"contentUrl\":\"https:\/\/themarstore.com\/wp-content\/uploads\/2023\/10\/002-scaled.jpg\",\"width\":1772,\"height\":2560},{\"@type\":\"BreadcrumbList\",\"@id\":\"https:\/\/themarstore.com\/en\/product\/shell-off-white\/#breadcrumb\",\"itemListElement\":[{\"@type\":\"ListItem\",\"position\":1,\"name\":\"Strona g\u0142\u00f3wna\",\"item\":\"https:\/\/themarstore.com\/en\/\"},{\"@type\":\"ListItem\",\"position\":2,\"name\":\"All\",\"item\":\"https:\/\/themarstore.com\/en\/shop\/\"},{\"@type\":\"ListItem\",\"position\":3,\"name\":\"SHELL OFF WHITE\"}]},{\"@type\":\"WebSite\",\"@id\":\"https:\/\/themarstore.com\/en\/#website\",\"url\":\"https:\/\/themarstore.com\/en\/\",\"name\":\"THE MAR\",\"description\":\"\",\"publisher\":{\"@id\":\"https:\/\/themarstore.com\/en\/#organization\"},\"potentialAction\":[{\"@type\":\"SearchAction\",\"target\":{\"@type\":\"EntryPoint\",\"urlTemplate\":\"https:\/\/themarstore.com\/en\/?s={search_term_string}\"},\"query-input\":{\"@type\":\"PropertyValueSpecification\",\"valueRequired\":true,\"valueName\":\"search_term_string\"}}],\"inLanguage\":\"en-US\"},{\"@type\":\"Organization\",\"@id\":\"https:\/\/themarstore.com\/en\/#organization\",\"name\":\"THE MAR - polskie torebki i akcesoria\",\"url\":\"https:\/\/themarstore.com\/en\/\",\"logo\":{\"@type\":\"ImageObject\",\"inLanguage\":\"en-US\",\"@id\":\"https:\/\/themarstore.com\/en\/#\/schema\/logo\/image\/\",\"url\":\"https:\/\/themarstore.com\/wp-content\/uploads\/2024\/07\/favicon.webp\",\"contentUrl\":\"https:\/\/themarstore.com\/wp-content\/uploads\/2024\/07\/favicon.webp\",\"width\":541,\"height\":541,\"caption\":\"THE MAR - polskie torebki i akcesoria\"},\"image\":{\"@id\":\"https:\/\/themarstore.com\/en\/#\/schema\/logo\/image\/\"},\"sameAs\":[\"https:\/\/www.facebook.com\/themarstore.warsaw\/\",\"https:\/\/www.instagram.com\/themarstore_com\/\"]}]}<\/script>\n<!-- \/ Yoast SEO plugin. -->","yoast_head_json":{"title":"SHELL OFF WHITE - THE MAR","description":"Sk\u00f3rzane torebki i akcesoria szyte w Polsce. Tradycja rzemie\u015blnicza, w\u0142oskie sk\u00f3ry, certyfikowani dostawcy. Etyczna moda na lata, zgodna z ide\u0105 sustainability.","robots":{"index":"index","follow":"follow","max-snippet":"max-snippet:-1","max-image-preview":"max-image-preview:large","max-video-preview":"max-video-preview:-1"},"canonical":"https:\/\/themarstore.com\/en\/product\/shell-off-white\/","og_locale":"en_US","og_type":"article","og_title":"SHELL OFF WHITE - THE MAR","og_description":"Sk\u00f3rzane torebki i akcesoria szyte w Polsce. Tradycja rzemie\u015blnicza, w\u0142oskie sk\u00f3ry, certyfikowani dostawcy. Etyczna moda na lata, zgodna z ide\u0105 sustainability.","og_url":"https:\/\/themarstore.com\/en\/product\/shell-off-white\/","og_site_name":"THE MAR","article_publisher":"https:\/\/www.facebook.com\/themarstore.warsaw\/","article_modified_time":"2026-02-13T13:05:14+00:00","og_image":[{"width":1772,"height":2560,"url":"https:\/\/themarstore.com\/wp-content\/uploads\/2023\/10\/002-scaled.jpg","type":"image\/jpeg"}],"twitter_card":"summary_large_image","schema":{"@context":"https:\/\/schema.org","@graph":[{"@type":["WebPage","ItemPage"],"@id":"https:\/\/themarstore.com\/en\/product\/shell-off-white\/","url":"https:\/\/themarstore.com\/en\/product\/shell-off-white\/","name":"SHELL OFF WHITE - THE MAR","isPartOf":{"@id":"https:\/\/themarstore.com\/en\/#website"},"primaryImageOfPage":{"@id":"https:\/\/themarstore.com\/en\/product\/shell-off-white\/#primaryimage"},"image":{"@id":"https:\/\/themarstore.com\/en\/product\/shell-off-white\/#primaryimage"},"thumbnailUrl":"https:\/\/themarstore.com\/wp-content\/uploads\/2023\/10\/002-scaled.jpg","datePublished":"2026-01-26T17:11:50+00:00","dateModified":"2026-02-13T13:05:14+00:00","description":"Sk\u00f3rzane torebki i akcesoria szyte w Polsce. Tradycja rzemie\u015blnicza, w\u0142oskie sk\u00f3ry, certyfikowani dostawcy. Etyczna moda na lata, zgodna z ide\u0105 sustainability.","breadcrumb":{"@id":"https:\/\/themarstore.com\/en\/product\/shell-off-white\/#breadcrumb"},"inLanguage":"en-US","potentialAction":[{"@type":"ReadAction","target":["https:\/\/themarstore.com\/en\/product\/shell-off-white\/"]}]},{"@type":"ImageObject","inLanguage":"en-US","@id":"https:\/\/themarstore.com\/en\/product\/shell-off-white\/#primaryimage","url":"https:\/\/themarstore.com\/wp-content\/uploads\/2023\/10\/002-scaled.jpg","contentUrl":"https:\/\/themarstore.com\/wp-content\/uploads\/2023\/10\/002-scaled.jpg","width":1772,"height":2560},{"@type":"BreadcrumbList","@id":"https:\/\/themarstore.com\/en\/product\/shell-off-white\/#breadcrumb","itemListElement":[{"@type":"ListItem","position":1,"name":"Strona g\u0142\u00f3wna","item":"https:\/\/themarstore.com\/en\/"},{"@type":"ListItem","position":2,"name":"All","item":"https:\/\/themarstore.com\/en\/shop\/"},{"@type":"ListItem","position":3,"name":"SHELL OFF WHITE"}]},{"@type":"WebSite","@id":"https:\/\/themarstore.com\/en\/#website","url":"https:\/\/themarstore.com\/en\/","name":"THE MAR","description":"","publisher":{"@id":"https:\/\/themarstore.com\/en\/#organization"},"potentialAction":[{"@type":"SearchAction","target":{"@type":"EntryPoint","urlTemplate":"https:\/\/themarstore.com\/en\/?s={search_term_string}"},"query-input":{"@type":"PropertyValueSpecification","valueRequired":true,"valueName":"search_term_string"}}],"inLanguage":"en-US"},{"@type":"Organization","@id":"https:\/\/themarstore.com\/en\/#organization","name":"THE MAR - polskie torebki i akcesoria","url":"https:\/\/themarstore.com\/en\/","logo":{"@type":"ImageObject","inLanguage":"en-US","@id":"https:\/\/themarstore.com\/en\/#\/schema\/logo\/image\/","url":"https:\/\/themarstore.com\/wp-content\/uploads\/2024\/07\/favicon.webp","contentUrl":"https:\/\/themarstore.com\/wp-content\/uploads\/2024\/07\/favicon.webp","width":541,"height":541,"caption":"THE MAR - polskie torebki i akcesoria"},"image":{"@id":"https:\/\/themarstore.com\/en\/#\/schema\/logo\/image\/"},"sameAs":["https:\/\/www.facebook.com\/themarstore.warsaw\/","https:\/\/www.instagram.com\/themarstore_com\/"]}]}},"_links":{"self":[{"href":"https:\/\/themarstore.com\/en\/wp-json\/wp\/v2\/product\/4098139","targetHints":{"allow":["GET"]}}],"collection":[{"href":"https:\/\/themarstore.com\/en\/wp-json\/wp\/v2\/product"}],"about":[{"href":"https:\/\/themarstore.com\/en\/wp-json\/wp\/v2\/types\/product"}],"wp:featuredmedia":[{"embeddable":true,"href":"https:\/\/themarstore.com\/en\/wp-json\/wp\/v2\/media\/4085233"}],"wp:attachment":[{"href":"https:\/\/themarstore.com\/en\/wp-json\/wp\/v2\/media?parent=4098139"}],"wp:term":[{"taxonomy":"product_brand","embeddable":true,"href":"https:\/\/themarstore.com\/en\/wp-json\/wp\/v2\/product_brand?post=4098139"},{"taxonomy":"product_cat","embeddable":true,"href":"https:\/\/themarstore.com\/en\/wp-json\/wp\/v2\/product_cat?post=4098139"},{"taxonomy":"product_tag","embeddable":true,"href":"https:\/\/themarstore.com\/en\/wp-json\/wp\/v2\/product_tag?post=4098139"}],"curies":[{"name":"wp","href":"https:\/\/api.w.org\/{rel}","templated":true}]}}