{"id":4092652,"date":"2024-12-12T08:11:32","date_gmt":"2024-12-12T07:11:32","guid":{"rendered":"https:\/\/themarstore.com\/?post_type=product&#038;p=4092652"},"modified":"2025-11-23T14:28:20","modified_gmt":"2025-11-23T13:28:20","slug":"cardholder-green","status":"publish","type":"product","link":"https:\/\/themarstore.com\/en\/product\/cardholder-green\/","title":{"rendered":"CARDHOLDER GREEN"},"content":{"rendered":"<p>Height: 7 cm<\/p>\n<p>Length: 10 cm<\/p>\n\n    <div class=\"xs_social_share_widget xs_share_url after_content \t\tmain_content  wslu-style-1 wslu-share-box-shaped wslu-fill-colored wslu-none wslu-share-horizontal wslu-theme-font-no wslu-main_content\">\n\n\t\t\n        <ul>\n\t\t\t        <\/ul>\n    <\/div> \n","protected":false},"excerpt":{"rendered":"<p>A minimalistic cardholder with three compartments.<\/p>\n","protected":false},"featured_media":4092621,"template":"","meta":{"_acf_changed":false},"product_brand":[],"product_cat":[65,166,163],"product_tag":[],"class_list":{"0":"post-4092652","1":"product","2":"type-product","3":"status-publish","4":"has-post-thumbnail","6":"product_cat-accessories","7":"product_cat-unisex-en","8":"product_cat-wallets","10":"first","11":"instock","12":"taxable","13":"shipping-taxable","14":"purchasable","15":"product-type-simple"},"acf":[],"yoast_head":"<!-- This site is optimized with the Yoast SEO plugin v27.2 - https:\/\/yoast.com\/product\/yoast-seo-wordpress\/ -->\n<title>CARDHOLDER GREEN - THE MAR<\/title>\n<meta name=\"description\" content=\"Sk\u00f3rzane torebki i akcesoria szyte w Polsce. Tradycja rzemie\u015blnicza, w\u0142oskie sk\u00f3ry, certyfikowani dostawcy. Etyczna moda na lata, zgodna z ide\u0105 sustainability.\" \/>\n<meta name=\"robots\" content=\"index, follow, max-snippet:-1, max-image-preview:large, max-video-preview:-1\" \/>\n<link rel=\"canonical\" href=\"https:\/\/themarstore.com\/en\/product\/cardholder-green\/\" \/>\n<meta property=\"og:locale\" content=\"en_US\" \/>\n<meta property=\"og:type\" content=\"article\" \/>\n<meta property=\"og:title\" content=\"CARDHOLDER GREEN - THE MAR\" \/>\n<meta property=\"og:description\" content=\"Sk\u00f3rzane torebki i akcesoria szyte w Polsce. Tradycja rzemie\u015blnicza, w\u0142oskie sk\u00f3ry, certyfikowani dostawcy. Etyczna moda na lata, zgodna z ide\u0105 sustainability.\" \/>\n<meta property=\"og:url\" content=\"https:\/\/themarstore.com\/en\/product\/cardholder-green\/\" \/>\n<meta property=\"og:site_name\" content=\"THE MAR\" \/>\n<meta property=\"article:publisher\" content=\"https:\/\/www.facebook.com\/themarstore.warsaw\/\" \/>\n<meta property=\"article:modified_time\" content=\"2025-11-23T13:28:20+00:00\" \/>\n<meta property=\"og:image\" content=\"https:\/\/themarstore.com\/wp-content\/uploads\/2024\/12\/09.jpg\" \/>\n\t<meta property=\"og:image:width\" content=\"1772\" \/>\n\t<meta property=\"og:image:height\" content=\"2560\" \/>\n\t<meta property=\"og:image:type\" content=\"image\/jpeg\" \/>\n<meta name=\"twitter:card\" content=\"summary_large_image\" \/>\n<script type=\"application\/ld+json\" class=\"yoast-schema-graph\">{\"@context\":\"https:\/\/schema.org\",\"@graph\":[{\"@type\":[\"WebPage\",\"ItemPage\"],\"@id\":\"https:\/\/themarstore.com\/en\/product\/cardholder-green\/\",\"url\":\"https:\/\/themarstore.com\/en\/product\/cardholder-green\/\",\"name\":\"CARDHOLDER GREEN - THE MAR\",\"isPartOf\":{\"@id\":\"https:\/\/themarstore.com\/en\/#website\"},\"primaryImageOfPage\":{\"@id\":\"https:\/\/themarstore.com\/en\/product\/cardholder-green\/#primaryimage\"},\"image\":{\"@id\":\"https:\/\/themarstore.com\/en\/product\/cardholder-green\/#primaryimage\"},\"thumbnailUrl\":\"https:\/\/themarstore.com\/wp-content\/uploads\/2024\/12\/09.jpg\",\"datePublished\":\"2024-12-12T07:11:32+00:00\",\"dateModified\":\"2025-11-23T13:28:20+00:00\",\"description\":\"Sk\u00f3rzane torebki i akcesoria szyte w Polsce. Tradycja rzemie\u015blnicza, w\u0142oskie sk\u00f3ry, certyfikowani dostawcy. Etyczna moda na lata, zgodna z ide\u0105 sustainability.\",\"breadcrumb\":{\"@id\":\"https:\/\/themarstore.com\/en\/product\/cardholder-green\/#breadcrumb\"},\"inLanguage\":\"en-US\",\"potentialAction\":[{\"@type\":\"ReadAction\",\"target\":[\"https:\/\/themarstore.com\/en\/product\/cardholder-green\/\"]}]},{\"@type\":\"ImageObject\",\"inLanguage\":\"en-US\",\"@id\":\"https:\/\/themarstore.com\/en\/product\/cardholder-green\/#primaryimage\",\"url\":\"https:\/\/themarstore.com\/wp-content\/uploads\/2024\/12\/09.jpg\",\"contentUrl\":\"https:\/\/themarstore.com\/wp-content\/uploads\/2024\/12\/09.jpg\",\"width\":1772,\"height\":2560,\"caption\":\"the-mar-cardholder-greeen\"},{\"@type\":\"BreadcrumbList\",\"@id\":\"https:\/\/themarstore.com\/en\/product\/cardholder-green\/#breadcrumb\",\"itemListElement\":[{\"@type\":\"ListItem\",\"position\":1,\"name\":\"Strona g\u0142\u00f3wna\",\"item\":\"https:\/\/themarstore.com\/en\/\"},{\"@type\":\"ListItem\",\"position\":2,\"name\":\"All\",\"item\":\"https:\/\/themarstore.com\/en\/shop\/\"},{\"@type\":\"ListItem\",\"position\":3,\"name\":\"CARDHOLDER GREEN\"}]},{\"@type\":\"WebSite\",\"@id\":\"https:\/\/themarstore.com\/en\/#website\",\"url\":\"https:\/\/themarstore.com\/en\/\",\"name\":\"THE MAR\",\"description\":\"\",\"publisher\":{\"@id\":\"https:\/\/themarstore.com\/en\/#organization\"},\"potentialAction\":[{\"@type\":\"SearchAction\",\"target\":{\"@type\":\"EntryPoint\",\"urlTemplate\":\"https:\/\/themarstore.com\/en\/?s={search_term_string}\"},\"query-input\":{\"@type\":\"PropertyValueSpecification\",\"valueRequired\":true,\"valueName\":\"search_term_string\"}}],\"inLanguage\":\"en-US\"},{\"@type\":\"Organization\",\"@id\":\"https:\/\/themarstore.com\/en\/#organization\",\"name\":\"THE MAR - polskie torebki i akcesoria\",\"url\":\"https:\/\/themarstore.com\/en\/\",\"logo\":{\"@type\":\"ImageObject\",\"inLanguage\":\"en-US\",\"@id\":\"https:\/\/themarstore.com\/en\/#\/schema\/logo\/image\/\",\"url\":\"https:\/\/themarstore.com\/wp-content\/uploads\/2024\/07\/favicon.webp\",\"contentUrl\":\"https:\/\/themarstore.com\/wp-content\/uploads\/2024\/07\/favicon.webp\",\"width\":541,\"height\":541,\"caption\":\"THE MAR - polskie torebki i akcesoria\"},\"image\":{\"@id\":\"https:\/\/themarstore.com\/en\/#\/schema\/logo\/image\/\"},\"sameAs\":[\"https:\/\/www.facebook.com\/themarstore.warsaw\/\",\"https:\/\/www.instagram.com\/themarstore_com\/\"]}]}<\/script>\n<!-- \/ Yoast SEO plugin. -->","yoast_head_json":{"title":"CARDHOLDER GREEN - THE MAR","description":"Sk\u00f3rzane torebki i akcesoria szyte w Polsce. Tradycja rzemie\u015blnicza, w\u0142oskie sk\u00f3ry, certyfikowani dostawcy. Etyczna moda na lata, zgodna z ide\u0105 sustainability.","robots":{"index":"index","follow":"follow","max-snippet":"max-snippet:-1","max-image-preview":"max-image-preview:large","max-video-preview":"max-video-preview:-1"},"canonical":"https:\/\/themarstore.com\/en\/product\/cardholder-green\/","og_locale":"en_US","og_type":"article","og_title":"CARDHOLDER GREEN - THE MAR","og_description":"Sk\u00f3rzane torebki i akcesoria szyte w Polsce. Tradycja rzemie\u015blnicza, w\u0142oskie sk\u00f3ry, certyfikowani dostawcy. Etyczna moda na lata, zgodna z ide\u0105 sustainability.","og_url":"https:\/\/themarstore.com\/en\/product\/cardholder-green\/","og_site_name":"THE MAR","article_publisher":"https:\/\/www.facebook.com\/themarstore.warsaw\/","article_modified_time":"2025-11-23T13:28:20+00:00","og_image":[{"width":1772,"height":2560,"url":"https:\/\/themarstore.com\/wp-content\/uploads\/2024\/12\/09.jpg","type":"image\/jpeg"}],"twitter_card":"summary_large_image","schema":{"@context":"https:\/\/schema.org","@graph":[{"@type":["WebPage","ItemPage"],"@id":"https:\/\/themarstore.com\/en\/product\/cardholder-green\/","url":"https:\/\/themarstore.com\/en\/product\/cardholder-green\/","name":"CARDHOLDER GREEN - THE MAR","isPartOf":{"@id":"https:\/\/themarstore.com\/en\/#website"},"primaryImageOfPage":{"@id":"https:\/\/themarstore.com\/en\/product\/cardholder-green\/#primaryimage"},"image":{"@id":"https:\/\/themarstore.com\/en\/product\/cardholder-green\/#primaryimage"},"thumbnailUrl":"https:\/\/themarstore.com\/wp-content\/uploads\/2024\/12\/09.jpg","datePublished":"2024-12-12T07:11:32+00:00","dateModified":"2025-11-23T13:28:20+00:00","description":"Sk\u00f3rzane torebki i akcesoria szyte w Polsce. Tradycja rzemie\u015blnicza, w\u0142oskie sk\u00f3ry, certyfikowani dostawcy. Etyczna moda na lata, zgodna z ide\u0105 sustainability.","breadcrumb":{"@id":"https:\/\/themarstore.com\/en\/product\/cardholder-green\/#breadcrumb"},"inLanguage":"en-US","potentialAction":[{"@type":"ReadAction","target":["https:\/\/themarstore.com\/en\/product\/cardholder-green\/"]}]},{"@type":"ImageObject","inLanguage":"en-US","@id":"https:\/\/themarstore.com\/en\/product\/cardholder-green\/#primaryimage","url":"https:\/\/themarstore.com\/wp-content\/uploads\/2024\/12\/09.jpg","contentUrl":"https:\/\/themarstore.com\/wp-content\/uploads\/2024\/12\/09.jpg","width":1772,"height":2560,"caption":"the-mar-cardholder-greeen"},{"@type":"BreadcrumbList","@id":"https:\/\/themarstore.com\/en\/product\/cardholder-green\/#breadcrumb","itemListElement":[{"@type":"ListItem","position":1,"name":"Strona g\u0142\u00f3wna","item":"https:\/\/themarstore.com\/en\/"},{"@type":"ListItem","position":2,"name":"All","item":"https:\/\/themarstore.com\/en\/shop\/"},{"@type":"ListItem","position":3,"name":"CARDHOLDER GREEN"}]},{"@type":"WebSite","@id":"https:\/\/themarstore.com\/en\/#website","url":"https:\/\/themarstore.com\/en\/","name":"THE MAR","description":"","publisher":{"@id":"https:\/\/themarstore.com\/en\/#organization"},"potentialAction":[{"@type":"SearchAction","target":{"@type":"EntryPoint","urlTemplate":"https:\/\/themarstore.com\/en\/?s={search_term_string}"},"query-input":{"@type":"PropertyValueSpecification","valueRequired":true,"valueName":"search_term_string"}}],"inLanguage":"en-US"},{"@type":"Organization","@id":"https:\/\/themarstore.com\/en\/#organization","name":"THE MAR - polskie torebki i akcesoria","url":"https:\/\/themarstore.com\/en\/","logo":{"@type":"ImageObject","inLanguage":"en-US","@id":"https:\/\/themarstore.com\/en\/#\/schema\/logo\/image\/","url":"https:\/\/themarstore.com\/wp-content\/uploads\/2024\/07\/favicon.webp","contentUrl":"https:\/\/themarstore.com\/wp-content\/uploads\/2024\/07\/favicon.webp","width":541,"height":541,"caption":"THE MAR - polskie torebki i akcesoria"},"image":{"@id":"https:\/\/themarstore.com\/en\/#\/schema\/logo\/image\/"},"sameAs":["https:\/\/www.facebook.com\/themarstore.warsaw\/","https:\/\/www.instagram.com\/themarstore_com\/"]}]}},"_links":{"self":[{"href":"https:\/\/themarstore.com\/en\/wp-json\/wp\/v2\/product\/4092652","targetHints":{"allow":["GET"]}}],"collection":[{"href":"https:\/\/themarstore.com\/en\/wp-json\/wp\/v2\/product"}],"about":[{"href":"https:\/\/themarstore.com\/en\/wp-json\/wp\/v2\/types\/product"}],"wp:featuredmedia":[{"embeddable":true,"href":"https:\/\/themarstore.com\/en\/wp-json\/wp\/v2\/media\/4092621"}],"wp:attachment":[{"href":"https:\/\/themarstore.com\/en\/wp-json\/wp\/v2\/media?parent=4092652"}],"wp:term":[{"taxonomy":"product_brand","embeddable":true,"href":"https:\/\/themarstore.com\/en\/wp-json\/wp\/v2\/product_brand?post=4092652"},{"taxonomy":"product_cat","embeddable":true,"href":"https:\/\/themarstore.com\/en\/wp-json\/wp\/v2\/product_cat?post=4092652"},{"taxonomy":"product_tag","embeddable":true,"href":"https:\/\/themarstore.com\/en\/wp-json\/wp\/v2\/product_tag?post=4092652"}],"curies":[{"name":"wp","href":"https:\/\/api.w.org\/{rel}","templated":true}]}}