{"id":4088352,"date":"2024-05-09T15:56:34","date_gmt":"2024-05-09T13:56:34","guid":{"rendered":"https:\/\/themarstore.com\/product\/stripes-breeze\/"},"modified":"2026-01-16T13:48:53","modified_gmt":"2026-01-16T12:48:53","slug":"stripes-breeze","status":"publish","type":"product","link":"https:\/\/themarstore.com\/en\/product\/stripes-breeze\/","title":{"rendered":"STRIPES BREEZE"},"content":{"rendered":"\n    <div class=\"xs_social_share_widget xs_share_url after_content \t\tmain_content  wslu-style-1 wslu-share-box-shaped wslu-fill-colored wslu-none wslu-share-horizontal wslu-theme-font-no wslu-main_content\">\n\n\t\t\n        <ul>\n\t\t\t        <\/ul>\n    <\/div> \n","protected":false},"excerpt":{"rendered":"<p>A three-color key chain made of Italian leather with a controlled carbon footprint.<\/p>\n","protected":false},"featured_media":4088214,"template":"","meta":{"_acf_changed":false},"product_brand":[],"product_cat":[65],"product_tag":[],"class_list":{"0":"post-4088352","1":"product","2":"type-product","3":"status-publish","4":"has-post-thumbnail","6":"product_cat-accessories","8":"first","9":"outofstock","10":"taxable","11":"shipping-taxable","12":"purchasable","13":"product-type-simple"},"acf":[],"yoast_head":"<!-- This site is optimized with the Yoast SEO plugin v27.2 - https:\/\/yoast.com\/product\/yoast-seo-wordpress\/ -->\n<title>STRIPES BREEZE - THE MAR<\/title>\n<meta name=\"description\" content=\"Sk\u00f3rzane torebki i akcesoria szyte w Polsce. Tradycja rzemie\u015blnicza, w\u0142oskie sk\u00f3ry, certyfikowani dostawcy. Etyczna moda na lata, zgodna z ide\u0105 sustainability.\" \/>\n<meta name=\"robots\" content=\"index, follow, max-snippet:-1, max-image-preview:large, max-video-preview:-1\" \/>\n<link rel=\"canonical\" href=\"https:\/\/themarstore.com\/en\/product\/stripes-breeze\/\" \/>\n<meta property=\"og:locale\" content=\"en_US\" \/>\n<meta property=\"og:type\" content=\"article\" \/>\n<meta property=\"og:title\" content=\"STRIPES BREEZE - THE MAR\" \/>\n<meta property=\"og:description\" content=\"Sk\u00f3rzane torebki i akcesoria szyte w Polsce. Tradycja rzemie\u015blnicza, w\u0142oskie sk\u00f3ry, certyfikowani dostawcy. Etyczna moda na lata, zgodna z ide\u0105 sustainability.\" \/>\n<meta property=\"og:url\" content=\"https:\/\/themarstore.com\/en\/product\/stripes-breeze\/\" \/>\n<meta property=\"og:site_name\" content=\"THE MAR\" \/>\n<meta property=\"article:publisher\" content=\"https:\/\/www.facebook.com\/themarstore.warsaw\/\" \/>\n<meta property=\"article:modified_time\" content=\"2026-01-16T12:48:53+00:00\" \/>\n<meta property=\"og:image\" content=\"https:\/\/themarstore.com\/wp-content\/uploads\/2024\/05\/010.webp\" \/>\n\t<meta property=\"og:image:width\" content=\"1772\" \/>\n\t<meta property=\"og:image:height\" content=\"2559\" \/>\n\t<meta property=\"og:image:type\" content=\"image\/webp\" \/>\n<meta name=\"twitter:card\" content=\"summary_large_image\" \/>\n<script type=\"application\/ld+json\" class=\"yoast-schema-graph\">{\"@context\":\"https:\/\/schema.org\",\"@graph\":[{\"@type\":[\"WebPage\",\"ItemPage\"],\"@id\":\"https:\/\/themarstore.com\/en\/product\/stripes-breeze\/\",\"url\":\"https:\/\/themarstore.com\/en\/product\/stripes-breeze\/\",\"name\":\"STRIPES BREEZE - THE MAR\",\"isPartOf\":{\"@id\":\"https:\/\/themarstore.com\/en\/#website\"},\"primaryImageOfPage\":{\"@id\":\"https:\/\/themarstore.com\/en\/product\/stripes-breeze\/#primaryimage\"},\"image\":{\"@id\":\"https:\/\/themarstore.com\/en\/product\/stripes-breeze\/#primaryimage\"},\"thumbnailUrl\":\"https:\/\/themarstore.com\/wp-content\/uploads\/2024\/05\/010.webp\",\"datePublished\":\"2024-05-09T13:56:34+00:00\",\"dateModified\":\"2026-01-16T12:48:53+00:00\",\"description\":\"Sk\u00f3rzane torebki i akcesoria szyte w Polsce. Tradycja rzemie\u015blnicza, w\u0142oskie sk\u00f3ry, certyfikowani dostawcy. Etyczna moda na lata, zgodna z ide\u0105 sustainability.\",\"breadcrumb\":{\"@id\":\"https:\/\/themarstore.com\/en\/product\/stripes-breeze\/#breadcrumb\"},\"inLanguage\":\"en-US\",\"potentialAction\":[{\"@type\":\"ReadAction\",\"target\":[\"https:\/\/themarstore.com\/en\/product\/stripes-breeze\/\"]}]},{\"@type\":\"ImageObject\",\"inLanguage\":\"en-US\",\"@id\":\"https:\/\/themarstore.com\/en\/product\/stripes-breeze\/#primaryimage\",\"url\":\"https:\/\/themarstore.com\/wp-content\/uploads\/2024\/05\/010.webp\",\"contentUrl\":\"https:\/\/themarstore.com\/wp-content\/uploads\/2024\/05\/010.webp\",\"width\":1772,\"height\":2559},{\"@type\":\"BreadcrumbList\",\"@id\":\"https:\/\/themarstore.com\/en\/product\/stripes-breeze\/#breadcrumb\",\"itemListElement\":[{\"@type\":\"ListItem\",\"position\":1,\"name\":\"Strona g\u0142\u00f3wna\",\"item\":\"https:\/\/themarstore.com\/en\/\"},{\"@type\":\"ListItem\",\"position\":2,\"name\":\"All\",\"item\":\"https:\/\/themarstore.com\/en\/shop\/\"},{\"@type\":\"ListItem\",\"position\":3,\"name\":\"STRIPES BREEZE\"}]},{\"@type\":\"WebSite\",\"@id\":\"https:\/\/themarstore.com\/en\/#website\",\"url\":\"https:\/\/themarstore.com\/en\/\",\"name\":\"THE MAR\",\"description\":\"\",\"publisher\":{\"@id\":\"https:\/\/themarstore.com\/en\/#organization\"},\"potentialAction\":[{\"@type\":\"SearchAction\",\"target\":{\"@type\":\"EntryPoint\",\"urlTemplate\":\"https:\/\/themarstore.com\/en\/?s={search_term_string}\"},\"query-input\":{\"@type\":\"PropertyValueSpecification\",\"valueRequired\":true,\"valueName\":\"search_term_string\"}}],\"inLanguage\":\"en-US\"},{\"@type\":\"Organization\",\"@id\":\"https:\/\/themarstore.com\/en\/#organization\",\"name\":\"THE MAR - polskie torebki i akcesoria\",\"url\":\"https:\/\/themarstore.com\/en\/\",\"logo\":{\"@type\":\"ImageObject\",\"inLanguage\":\"en-US\",\"@id\":\"https:\/\/themarstore.com\/en\/#\/schema\/logo\/image\/\",\"url\":\"https:\/\/themarstore.com\/wp-content\/uploads\/2024\/07\/favicon.webp\",\"contentUrl\":\"https:\/\/themarstore.com\/wp-content\/uploads\/2024\/07\/favicon.webp\",\"width\":541,\"height\":541,\"caption\":\"THE MAR - polskie torebki i akcesoria\"},\"image\":{\"@id\":\"https:\/\/themarstore.com\/en\/#\/schema\/logo\/image\/\"},\"sameAs\":[\"https:\/\/www.facebook.com\/themarstore.warsaw\/\",\"https:\/\/www.instagram.com\/themarstore_com\/\"]}]}<\/script>\n<!-- \/ Yoast SEO plugin. -->","yoast_head_json":{"title":"STRIPES BREEZE - THE MAR","description":"Sk\u00f3rzane torebki i akcesoria szyte w Polsce. Tradycja rzemie\u015blnicza, w\u0142oskie sk\u00f3ry, certyfikowani dostawcy. Etyczna moda na lata, zgodna z ide\u0105 sustainability.","robots":{"index":"index","follow":"follow","max-snippet":"max-snippet:-1","max-image-preview":"max-image-preview:large","max-video-preview":"max-video-preview:-1"},"canonical":"https:\/\/themarstore.com\/en\/product\/stripes-breeze\/","og_locale":"en_US","og_type":"article","og_title":"STRIPES BREEZE - THE MAR","og_description":"Sk\u00f3rzane torebki i akcesoria szyte w Polsce. Tradycja rzemie\u015blnicza, w\u0142oskie sk\u00f3ry, certyfikowani dostawcy. Etyczna moda na lata, zgodna z ide\u0105 sustainability.","og_url":"https:\/\/themarstore.com\/en\/product\/stripes-breeze\/","og_site_name":"THE MAR","article_publisher":"https:\/\/www.facebook.com\/themarstore.warsaw\/","article_modified_time":"2026-01-16T12:48:53+00:00","og_image":[{"width":1772,"height":2559,"url":"https:\/\/themarstore.com\/wp-content\/uploads\/2024\/05\/010.webp","type":"image\/webp"}],"twitter_card":"summary_large_image","schema":{"@context":"https:\/\/schema.org","@graph":[{"@type":["WebPage","ItemPage"],"@id":"https:\/\/themarstore.com\/en\/product\/stripes-breeze\/","url":"https:\/\/themarstore.com\/en\/product\/stripes-breeze\/","name":"STRIPES BREEZE - THE MAR","isPartOf":{"@id":"https:\/\/themarstore.com\/en\/#website"},"primaryImageOfPage":{"@id":"https:\/\/themarstore.com\/en\/product\/stripes-breeze\/#primaryimage"},"image":{"@id":"https:\/\/themarstore.com\/en\/product\/stripes-breeze\/#primaryimage"},"thumbnailUrl":"https:\/\/themarstore.com\/wp-content\/uploads\/2024\/05\/010.webp","datePublished":"2024-05-09T13:56:34+00:00","dateModified":"2026-01-16T12:48:53+00:00","description":"Sk\u00f3rzane torebki i akcesoria szyte w Polsce. Tradycja rzemie\u015blnicza, w\u0142oskie sk\u00f3ry, certyfikowani dostawcy. Etyczna moda na lata, zgodna z ide\u0105 sustainability.","breadcrumb":{"@id":"https:\/\/themarstore.com\/en\/product\/stripes-breeze\/#breadcrumb"},"inLanguage":"en-US","potentialAction":[{"@type":"ReadAction","target":["https:\/\/themarstore.com\/en\/product\/stripes-breeze\/"]}]},{"@type":"ImageObject","inLanguage":"en-US","@id":"https:\/\/themarstore.com\/en\/product\/stripes-breeze\/#primaryimage","url":"https:\/\/themarstore.com\/wp-content\/uploads\/2024\/05\/010.webp","contentUrl":"https:\/\/themarstore.com\/wp-content\/uploads\/2024\/05\/010.webp","width":1772,"height":2559},{"@type":"BreadcrumbList","@id":"https:\/\/themarstore.com\/en\/product\/stripes-breeze\/#breadcrumb","itemListElement":[{"@type":"ListItem","position":1,"name":"Strona g\u0142\u00f3wna","item":"https:\/\/themarstore.com\/en\/"},{"@type":"ListItem","position":2,"name":"All","item":"https:\/\/themarstore.com\/en\/shop\/"},{"@type":"ListItem","position":3,"name":"STRIPES BREEZE"}]},{"@type":"WebSite","@id":"https:\/\/themarstore.com\/en\/#website","url":"https:\/\/themarstore.com\/en\/","name":"THE MAR","description":"","publisher":{"@id":"https:\/\/themarstore.com\/en\/#organization"},"potentialAction":[{"@type":"SearchAction","target":{"@type":"EntryPoint","urlTemplate":"https:\/\/themarstore.com\/en\/?s={search_term_string}"},"query-input":{"@type":"PropertyValueSpecification","valueRequired":true,"valueName":"search_term_string"}}],"inLanguage":"en-US"},{"@type":"Organization","@id":"https:\/\/themarstore.com\/en\/#organization","name":"THE MAR - polskie torebki i akcesoria","url":"https:\/\/themarstore.com\/en\/","logo":{"@type":"ImageObject","inLanguage":"en-US","@id":"https:\/\/themarstore.com\/en\/#\/schema\/logo\/image\/","url":"https:\/\/themarstore.com\/wp-content\/uploads\/2024\/07\/favicon.webp","contentUrl":"https:\/\/themarstore.com\/wp-content\/uploads\/2024\/07\/favicon.webp","width":541,"height":541,"caption":"THE MAR - polskie torebki i akcesoria"},"image":{"@id":"https:\/\/themarstore.com\/en\/#\/schema\/logo\/image\/"},"sameAs":["https:\/\/www.facebook.com\/themarstore.warsaw\/","https:\/\/www.instagram.com\/themarstore_com\/"]}]}},"_links":{"self":[{"href":"https:\/\/themarstore.com\/en\/wp-json\/wp\/v2\/product\/4088352","targetHints":{"allow":["GET"]}}],"collection":[{"href":"https:\/\/themarstore.com\/en\/wp-json\/wp\/v2\/product"}],"about":[{"href":"https:\/\/themarstore.com\/en\/wp-json\/wp\/v2\/types\/product"}],"wp:featuredmedia":[{"embeddable":true,"href":"https:\/\/themarstore.com\/en\/wp-json\/wp\/v2\/media\/4088214"}],"wp:attachment":[{"href":"https:\/\/themarstore.com\/en\/wp-json\/wp\/v2\/media?parent=4088352"}],"wp:term":[{"taxonomy":"product_brand","embeddable":true,"href":"https:\/\/themarstore.com\/en\/wp-json\/wp\/v2\/product_brand?post=4088352"},{"taxonomy":"product_cat","embeddable":true,"href":"https:\/\/themarstore.com\/en\/wp-json\/wp\/v2\/product_cat?post=4088352"},{"taxonomy":"product_tag","embeddable":true,"href":"https:\/\/themarstore.com\/en\/wp-json\/wp\/v2\/product_tag?post=4088352"}],"curies":[{"name":"wp","href":"https:\/\/api.w.org\/{rel}","templated":true}]}}