{"id":4081581,"date":"2021-04-22T11:11:44","date_gmt":"2021-04-22T09:11:44","guid":{"rendered":"https:\/\/themarstore.com\/?page_id=4081581"},"modified":"2023-04-01T19:27:09","modified_gmt":"2023-04-01T17:27:09","slug":"stores","status":"publish","type":"page","link":"https:\/\/themarstore.com\/en\/stores\/","title":{"rendered":"STORES"},"content":{"rendered":"<p>[vc_row content_placement=&#8221;middle&#8221;][vc_column css=&#8221;.vc_custom_1548335060583{padding-top: 0px !important;}&#8221;][vc_row_inner][vc_column_inner][stockie_text]<\/p>\n<h4 class=\"h4-mar\" style=\"text-align: center;\">WARSAW, POLAND<\/h4>\n<p style=\"text-align: center;\"><a href=\"https:\/\/lui-store.com\/\">Lui Store \u00b7 Mokotowska 26<\/a>[\/stockie_text][vc_empty_space height=&#8221;20px&#8221; el_class=&#8221;clb__spacer&#8221;][stockie_text]<\/p>\n<h4 class=\"h4-mar\" style=\"text-align: center;\">EINDHOVEN, NETHERLANDS<\/h4>\n<p style=\"text-align: center;\"><a href=\"https:\/\/www.thisiseindhoven.com\/nl\/locaties\/lamita-organic\">Lamita Organic \u00b7 Kleine Berg 7<\/a> [vc_empty_space height=&#8221;20px&#8221; el_class=&#8221;clb__spacer&#8221;][stockie_text][vc_empty_space height=&#8221;80px&#8221; el_class=&#8221;clb__spacer&#8221;][\/vc_column][\/vc_row]<\/p>\n<h4 class=\"h4-mar\" style=\"text-align: center;\">POZNA\u0143, POLAND<\/h4>\n<p style=\"text-align: center;\"><a href=\"https:\/\/romaconcept.pl\/\">Roma Concept Store \u00b7 Ratajczaka 42<\/a>[\/stockie_text][vc_empty_space height=&#8221;20px&#8221; el_class=&#8221;clb__spacer&#8221;][stockie_text] [\/stockie_text][\/vc_column_inner][\/vc_row_inner]<\/p>\n<h4 class=\"h4-mar\" style=\"text-align: center;\">KATOWICE, POLAND<\/h4>\n<p style=\"text-align: center;\"><a href=\"https:\/\/www.instagram.com\/poszetka_concept\/\">Poszetka Concept \u00b7 Morcinka 40-142<\/a>[\/stockie_text][vc_empty_space height=&#8221;20px&#8221; el_class=&#8221;clb__spacer&#8221;]<\/p>\n<h4 class=\"h4-mar\" style=\"text-align: center;\">GDA\u0143SK, POLAND<\/h4>\n<p style=\"text-align: center;\"><a href=\"http:\/\/popconceptstore.pl\/\">Pop Concept Store \u00b7 Le\u015bmiana 1<\/a>\u00a0 [vc_empty_space height=&#8221;20px&#8221; el_class=&#8221;clb__spacer&#8221;]<\/p>\n<p style=\"text-align: center;\">\u00a0<\/p>\n<p style=\"text-align: center;\">\n<\/p>\n    <div class=\"xs_social_share_widget xs_share_url after_content \t\tmain_content  wslu-style-1 wslu-share-box-shaped wslu-fill-colored wslu-none wslu-share-horizontal wslu-theme-font-no wslu-main_content\">\n\n\t\t\n        <ul>\n\t\t\t        <\/ul>\n    <\/div> \n","protected":false},"excerpt":{"rendered":"","protected":false},"author":1,"featured_media":0,"parent":0,"menu_order":0,"comment_status":"closed","ping_status":"closed","template":"","meta":{"_acf_changed":false,"footnotes":""},"class_list":["post-4081581","page","type-page","status-publish","hentry"],"acf":[],"yoast_head":"<!-- This site is optimized with the Yoast SEO plugin v27.2 - https:\/\/yoast.com\/product\/yoast-seo-wordpress\/ -->\n<title>STORES - THE MAR<\/title>\n<meta name=\"description\" content=\"Sk\u00f3rzane torebki szyte w Polsce. Tradycja rzemie\u015blnicza, w\u0142oskie sk\u00f3ry, certyfikowani dostawcy. Etyczna moda na lata, zgodna z ide\u0105 sustainability.\" \/>\n<meta name=\"robots\" content=\"index, follow, max-snippet:-1, max-image-preview:large, max-video-preview:-1\" \/>\n<link rel=\"canonical\" href=\"https:\/\/themarstore.com\/en\/stores\/\" \/>\n<meta property=\"og:locale\" content=\"en_US\" \/>\n<meta property=\"og:type\" content=\"article\" \/>\n<meta property=\"og:title\" content=\"STORES - THE MAR\" \/>\n<meta property=\"og:description\" content=\"Sk\u00f3rzane torebki szyte w Polsce. Tradycja rzemie\u015blnicza, w\u0142oskie sk\u00f3ry, certyfikowani dostawcy. Etyczna moda na lata, zgodna z ide\u0105 sustainability.\" \/>\n<meta property=\"og:url\" content=\"https:\/\/themarstore.com\/en\/stores\/\" \/>\n<meta property=\"og:site_name\" content=\"THE MAR\" \/>\n<meta property=\"article:publisher\" content=\"https:\/\/www.facebook.com\/themarstore.warsaw\/\" \/>\n<meta property=\"article:modified_time\" content=\"2023-04-01T17:27:09+00:00\" \/>\n<meta property=\"og:image\" content=\"https:\/\/themarstore.com\/wp-content\/uploads\/2024\/07\/themar-social.webp\" \/>\n\t<meta property=\"og:image:width\" content=\"1200\" \/>\n\t<meta property=\"og:image:height\" content=\"675\" \/>\n\t<meta property=\"og:image:type\" content=\"image\/webp\" \/>\n<meta name=\"twitter:card\" content=\"summary_large_image\" \/>\n<meta name=\"twitter:label1\" content=\"Est. reading time\" \/>\n\t<meta name=\"twitter:data1\" content=\"1 minute\" \/>\n<script type=\"application\/ld+json\" class=\"yoast-schema-graph\">{\"@context\":\"https:\/\/schema.org\",\"@graph\":[{\"@type\":\"WebPage\",\"@id\":\"https:\/\/themarstore.com\/en\/stores\/\",\"url\":\"https:\/\/themarstore.com\/en\/stores\/\",\"name\":\"STORES - THE MAR\",\"isPartOf\":{\"@id\":\"https:\/\/themarstore.com\/en\/#website\"},\"datePublished\":\"2021-04-22T09:11:44+00:00\",\"dateModified\":\"2023-04-01T17:27:09+00:00\",\"description\":\"Sk\u00f3rzane torebki szyte w Polsce. Tradycja rzemie\u015blnicza, w\u0142oskie sk\u00f3ry, certyfikowani dostawcy. Etyczna moda na lata, zgodna z ide\u0105 sustainability.\",\"breadcrumb\":{\"@id\":\"https:\/\/themarstore.com\/en\/stores\/#breadcrumb\"},\"inLanguage\":\"en-US\",\"potentialAction\":[{\"@type\":\"ReadAction\",\"target\":[\"https:\/\/themarstore.com\/en\/stores\/\"]}]},{\"@type\":\"BreadcrumbList\",\"@id\":\"https:\/\/themarstore.com\/en\/stores\/#breadcrumb\",\"itemListElement\":[{\"@type\":\"ListItem\",\"position\":1,\"name\":\"Strona g\u0142\u00f3wna\",\"item\":\"https:\/\/themarstore.com\/en\/\"},{\"@type\":\"ListItem\",\"position\":2,\"name\":\"STORES\"}]},{\"@type\":\"WebSite\",\"@id\":\"https:\/\/themarstore.com\/en\/#website\",\"url\":\"https:\/\/themarstore.com\/en\/\",\"name\":\"THE MAR\",\"description\":\"\",\"publisher\":{\"@id\":\"https:\/\/themarstore.com\/en\/#organization\"},\"potentialAction\":[{\"@type\":\"SearchAction\",\"target\":{\"@type\":\"EntryPoint\",\"urlTemplate\":\"https:\/\/themarstore.com\/en\/?s={search_term_string}\"},\"query-input\":{\"@type\":\"PropertyValueSpecification\",\"valueRequired\":true,\"valueName\":\"search_term_string\"}}],\"inLanguage\":\"en-US\"},{\"@type\":\"Organization\",\"@id\":\"https:\/\/themarstore.com\/en\/#organization\",\"name\":\"THE MAR - polskie torebki i akcesoria\",\"url\":\"https:\/\/themarstore.com\/en\/\",\"logo\":{\"@type\":\"ImageObject\",\"inLanguage\":\"en-US\",\"@id\":\"https:\/\/themarstore.com\/en\/#\/schema\/logo\/image\/\",\"url\":\"https:\/\/themarstore.com\/wp-content\/uploads\/2024\/07\/favicon.webp\",\"contentUrl\":\"https:\/\/themarstore.com\/wp-content\/uploads\/2024\/07\/favicon.webp\",\"width\":541,\"height\":541,\"caption\":\"THE MAR - polskie torebki i akcesoria\"},\"image\":{\"@id\":\"https:\/\/themarstore.com\/en\/#\/schema\/logo\/image\/\"},\"sameAs\":[\"https:\/\/www.facebook.com\/themarstore.warsaw\/\",\"https:\/\/www.instagram.com\/themarstore_com\/\"]}]}<\/script>\n<!-- \/ Yoast SEO plugin. -->","yoast_head_json":{"title":"STORES - THE MAR","description":"Sk\u00f3rzane torebki szyte w Polsce. Tradycja rzemie\u015blnicza, w\u0142oskie sk\u00f3ry, certyfikowani dostawcy. Etyczna moda na lata, zgodna z ide\u0105 sustainability.","robots":{"index":"index","follow":"follow","max-snippet":"max-snippet:-1","max-image-preview":"max-image-preview:large","max-video-preview":"max-video-preview:-1"},"canonical":"https:\/\/themarstore.com\/en\/stores\/","og_locale":"en_US","og_type":"article","og_title":"STORES - THE MAR","og_description":"Sk\u00f3rzane torebki szyte w Polsce. Tradycja rzemie\u015blnicza, w\u0142oskie sk\u00f3ry, certyfikowani dostawcy. Etyczna moda na lata, zgodna z ide\u0105 sustainability.","og_url":"https:\/\/themarstore.com\/en\/stores\/","og_site_name":"THE MAR","article_publisher":"https:\/\/www.facebook.com\/themarstore.warsaw\/","article_modified_time":"2023-04-01T17:27:09+00:00","og_image":[{"width":1200,"height":675,"url":"https:\/\/themarstore.com\/wp-content\/uploads\/2024\/07\/themar-social.webp","type":"image\/webp"}],"twitter_card":"summary_large_image","twitter_misc":{"Est. reading time":"1 minute"},"schema":{"@context":"https:\/\/schema.org","@graph":[{"@type":"WebPage","@id":"https:\/\/themarstore.com\/en\/stores\/","url":"https:\/\/themarstore.com\/en\/stores\/","name":"STORES - THE MAR","isPartOf":{"@id":"https:\/\/themarstore.com\/en\/#website"},"datePublished":"2021-04-22T09:11:44+00:00","dateModified":"2023-04-01T17:27:09+00:00","description":"Sk\u00f3rzane torebki szyte w Polsce. Tradycja rzemie\u015blnicza, w\u0142oskie sk\u00f3ry, certyfikowani dostawcy. Etyczna moda na lata, zgodna z ide\u0105 sustainability.","breadcrumb":{"@id":"https:\/\/themarstore.com\/en\/stores\/#breadcrumb"},"inLanguage":"en-US","potentialAction":[{"@type":"ReadAction","target":["https:\/\/themarstore.com\/en\/stores\/"]}]},{"@type":"BreadcrumbList","@id":"https:\/\/themarstore.com\/en\/stores\/#breadcrumb","itemListElement":[{"@type":"ListItem","position":1,"name":"Strona g\u0142\u00f3wna","item":"https:\/\/themarstore.com\/en\/"},{"@type":"ListItem","position":2,"name":"STORES"}]},{"@type":"WebSite","@id":"https:\/\/themarstore.com\/en\/#website","url":"https:\/\/themarstore.com\/en\/","name":"THE MAR","description":"","publisher":{"@id":"https:\/\/themarstore.com\/en\/#organization"},"potentialAction":[{"@type":"SearchAction","target":{"@type":"EntryPoint","urlTemplate":"https:\/\/themarstore.com\/en\/?s={search_term_string}"},"query-input":{"@type":"PropertyValueSpecification","valueRequired":true,"valueName":"search_term_string"}}],"inLanguage":"en-US"},{"@type":"Organization","@id":"https:\/\/themarstore.com\/en\/#organization","name":"THE MAR - polskie torebki i akcesoria","url":"https:\/\/themarstore.com\/en\/","logo":{"@type":"ImageObject","inLanguage":"en-US","@id":"https:\/\/themarstore.com\/en\/#\/schema\/logo\/image\/","url":"https:\/\/themarstore.com\/wp-content\/uploads\/2024\/07\/favicon.webp","contentUrl":"https:\/\/themarstore.com\/wp-content\/uploads\/2024\/07\/favicon.webp","width":541,"height":541,"caption":"THE MAR - polskie torebki i akcesoria"},"image":{"@id":"https:\/\/themarstore.com\/en\/#\/schema\/logo\/image\/"},"sameAs":["https:\/\/www.facebook.com\/themarstore.warsaw\/","https:\/\/www.instagram.com\/themarstore_com\/"]}]}},"_links":{"self":[{"href":"https:\/\/themarstore.com\/en\/wp-json\/wp\/v2\/pages\/4081581","targetHints":{"allow":["GET"]}}],"collection":[{"href":"https:\/\/themarstore.com\/en\/wp-json\/wp\/v2\/pages"}],"about":[{"href":"https:\/\/themarstore.com\/en\/wp-json\/wp\/v2\/types\/page"}],"author":[{"embeddable":true,"href":"https:\/\/themarstore.com\/en\/wp-json\/wp\/v2\/users\/1"}],"replies":[{"embeddable":true,"href":"https:\/\/themarstore.com\/en\/wp-json\/wp\/v2\/comments?post=4081581"}],"version-history":[{"count":13,"href":"https:\/\/themarstore.com\/en\/wp-json\/wp\/v2\/pages\/4081581\/revisions"}],"predecessor-version":[{"id":4084440,"href":"https:\/\/themarstore.com\/en\/wp-json\/wp\/v2\/pages\/4081581\/revisions\/4084440"}],"wp:attachment":[{"href":"https:\/\/themarstore.com\/en\/wp-json\/wp\/v2\/media?parent=4081581"}],"curies":[{"name":"wp","href":"https:\/\/api.w.org\/{rel}","templated":true}]}}